{"id":625,"date":"2019-02-24T01:55:27","date_gmt":"2019-02-24T00:55:27","guid":{"rendered":"http:\/\/dev.baddesign.pl\/?page_id=625"},"modified":"2025-09-26T15:40:59","modified_gmt":"2025-09-26T13:40:59","slug":"werkstatt","status":"publish","type":"page","link":"https:\/\/baddesign.pl\/de\/","title":{"rendered":"B\u00fcro"},"content":{"rendered":"\n<h2>Bad Design | B\u00fcro f\u00fcr Innenarchitektur<\/h2>\n\n\n\n<p>Wir haben unser B\u00fcro f\u00fcr Innenarchitektur Bad Design im Jahr 2005 gegr\u00fcndet. Seitdem k\u00fcmmern wir uns um jedes unserer Projekte pers\u00f6nlich. Unser Portfolio umfasst neben dutzenden privater auch einige \u00f6ffentliche Auftr\u00e4ge. Bisher haben wir unter anderem Projekte in Polen, Deutschland, Italien und Frankreich realisiert.<\/p>\n\n\n\n<p>Kasia Kunkel &amp; Kuba Tkaczyk<a rel=\"noreferrer noopener\" aria-label=\"ul. Foksal 21\/2 \n00-372 Warszawa (otwiera si\u0119 na nowej zak\u0142adce)\" href=\"https:\/\/goo.gl\/maps\/2pi2wbcx4Q52\" target=\"_blank\"><\/a><\/p>\n\n\n\n<hr class=\"wp-block-separator has-css-opacity\"\/>\n\n\n<!--912-->\n\n\n\n\n\n\n<!--nextpage-->\n\n\n\n<hr class=\"wp-block-separator has-css-opacity\"\/>\n\n\n\n<h2>Bad Design | Projektierung<\/h2>\n\n\n\n<p>Wir sind davon \u00fcberzeugt, dass wir als Innenarchitekten zuh\u00f6ren und beobachten sollten. Wir glauben an einen ganzheitlichen Designansatz und an die Suche nach einer uns Menschen wohltuenden Atmosph\u00e4re. Die Orte, die wir schaffen, spiegeln die Bed\u00fcrfnisse und Gef\u00fchle der Menschen, die sich an ihnen aufhalten, wieder. Bei unserer Arbeit k\u00fcmmern wir uns um jeden Raum und jedes Detail im Raum. Wir entwickeln jedes Projekt individuell und w\u00e4hlen dabei f\u00fcr jedes Projekt den passenden Arbeitsstil.<\/p>\n\n\n\n<hr class=\"wp-block-separator has-css-opacity\"\/>\n\n\n<!--1049-->\n\n\n\n\n\n\n<!--nextpage-->\n\n\n\n<hr class=\"wp-block-separator has-css-opacity\"\/>\n\n\n\n<h2><strong>Bad Design | Realisierung<\/strong><\/h2>\n\n\n\n<p>Wir arbeiten mit hervorragenden Fachleuten, Handwerkern und Lieferanten zusammen. Basierend auf unserer Erfahrung haben wir ein effektives Realisierungsmanagement f\u00fcr Innenarchitekturprojekte entwickelt. Zus\u00e4tzlich zur Planung bieten wir auch eine schl\u00fcsselfertige Realisierung an, die f\u00fcr alle Beteiligten eine enorme Vereinfachung der Zusammenarbeit bedeutet. Das Budget ist transparent und die Verantwortung f\u00fcr die Verarbeitungsqualit\u00e4t ist nicht auf Dutzende von Unternehmen verteilt. In vielen F\u00e4llen ist diese Vorgehensweise die effizienteste Form der Projektumsetzung.<\/p>\n\n\n\n<hr class=\"wp-block-separator has-css-opacity\"\/>\n\n\n<!--990-->\n\n\n\n\n\n\n<!--nextpage-->\n\n\n\n<hr class=\"wp-block-separator has-css-opacity\"\/>\n\n\n\n<h2><strong>Bad Design | Partner<\/strong><\/h2>\n\n\n\n<p>Vielen Dank an Magda Tylman und \u0141ukasz Racinowski vom Studio Kosmos sowie an Magda G\u00f3rczy\u0144ska und Krzysiek Redzisz f\u00fcr die Zusammenarbeit bei unseren Projekten. Wir danken Grzegorz Broniatowski f\u00fcr die Fotos und Daniel Miko\u0142ajczak f\u00fcr die Website.<\/p>\n\n\n\n<hr class=\"wp-block-separator has-css-opacity\"\/>\n\n\n<!--1127-->\n\n\n\n","protected":false},"excerpt":{"rendered":"<p>Bad Design | B\u00fcro f\u00fcr Innenarchitektur Wir haben unser B\u00fcro f\u00fcr Innenarchitektur Bad Design im Jahr 2005 gegr\u00fcndet. Seitdem k\u00fcmmern wir uns um jedes unserer Projekte pers\u00f6nlich. Unser Portfolio umfasst neben dutzenden privater auch einige \u00f6ffentliche Auftr\u00e4ge. Bisher haben wir unter anderem Projekte in Polen, Deutschland, Italien und Frankreich realisiert. Kasia Kunkel &amp; Kuba Tkaczyk<\/p>\n","protected":false},"author":1,"featured_media":912,"parent":0,"menu_order":0,"comment_status":"closed","ping_status":"closed","template":"","meta":[],"acf":[],"aioseo_notices":[],"_links":{"self":[{"href":"https:\/\/baddesign.pl\/de\/wp-json\/wp\/v2\/pages\/625"}],"collection":[{"href":"https:\/\/baddesign.pl\/de\/wp-json\/wp\/v2\/pages"}],"about":[{"href":"https:\/\/baddesign.pl\/de\/wp-json\/wp\/v2\/types\/page"}],"author":[{"embeddable":true,"href":"https:\/\/baddesign.pl\/de\/wp-json\/wp\/v2\/users\/1"}],"replies":[{"embeddable":true,"href":"https:\/\/baddesign.pl\/de\/wp-json\/wp\/v2\/comments?post=625"}],"version-history":[{"count":20,"href":"https:\/\/baddesign.pl\/de\/wp-json\/wp\/v2\/pages\/625\/revisions"}],"predecessor-version":[{"id":2293,"href":"https:\/\/baddesign.pl\/de\/wp-json\/wp\/v2\/pages\/625\/revisions\/2293"}],"wp:featuredmedia":[{"embeddable":true,"href":"https:\/\/baddesign.pl\/de\/wp-json\/wp\/v2\/media\/912"}],"wp:attachment":[{"href":"https:\/\/baddesign.pl\/de\/wp-json\/wp\/v2\/media?parent=625"}],"curies":[{"name":"wp","href":"https:\/\/api.w.org\/{rel}","templated":true}]}}