{"id":607,"date":"2019-02-23T23:03:28","date_gmt":"2019-02-23T22:03:28","guid":{"rendered":"http:\/\/dev.baddesign.pl\/?page_id=607"},"modified":"2019-10-23T17:34:33","modified_gmt":"2019-10-23T15:34:33","slug":"anfang","status":"publish","type":"page","link":"https:\/\/baddesign.pl\/de\/anfang\/","title":{"rendered":"Anfang"},"content":{"rendered":"\n<!--nextpage-->\n\n\n\n<hr class=\"wp-block-separator\"\/>\n\n\n\n<h2>Jedem Anfang wohnt ein Zauber inne &#8211; Hermann Hesse<\/h2>\n\n\n\n<p>Jeder und jede hat seine ganz pers\u00f6nliche Vorstellung eines idealen Zuhauses. Unsere Aufgabe ist daher bei all unseren Projekten, gemeinsam mit unseren Kundinnen und Kunden diese Vorstellungen herauszufinden und einen Raum zu schaffen, der unseren Kundinnen und Kunden ein Zuhause ist. Innenarchitektur bedeutet f\u00fcr uns, sich R\u00e4ume vorzustellen und zu erzeugen. Den Anfang der Arbeit mit unseren Kundinnen und Kunden k\u00f6nnen verschiedenste Ideen, W\u00fcnsche und Inspirationen ausmachen.&nbsp;Im Folgendem beschreiben wir den weiteren Arbeitsverlauf eines Innenarchitekturprojekts.<\/p>\n\n\n\n<hr class=\"wp-block-separator\"\/>\n\n\n<!--951-->\n\n\n\n\n\n\n<!--nextpage-->\n\n\n\n<hr class=\"wp-block-separator\"\/>\n\n\n\n<h2><strong>Konzeptionelle Gestaltung<\/strong><\/h2>\n\n\n\n<p>Ein gutes Konzept hat entscheidenden Einfluss auf die Qualit\u00e4t des gesamten Projekts. Daher stimmen wir das Konzept intensiv mit unseren Kundinnen und Kunden ab. Zu Beginn besprechen wir das Budget sowie andere wichtige Rahmenbedingungen und entwickeln funktionelle L\u00f6sungen und Raumatmosph\u00e4ren, die Ihr Interieur ausmachen werden. Mit jedem Gespr\u00e4ch und mit jeder getroffenen Entscheidung kommen wir der Gestaltung n\u00e4her. Nichts ist den Momenten gleich, in denen Sie zum ersten Mal eine Vorstellung bekommen, wie Ihr neues Zuhause aussehen wird.<\/p>\n\n\n\n<hr class=\"wp-block-separator\"\/>\n\n\n<!--921-->\n\n\n\n\n\n\n<!--nextpage-->\n\n\n\n<hr class=\"wp-block-separator\"\/>\n\n\n\n<h2><strong>Technische Ausarbeitung<\/strong><\/h2>\n\n\n\n<p>Unsere technische Ausarbeitung in Form von Detailzeichnungen gew\u00e4hrleistet die Umsetzung der Planung durch die jeweiligen Gewerke. So k\u00f6nnen viel Zeit, Geld und Nerven eingespart werden.<\/p>\n\n\n\n<hr class=\"wp-block-separator\"\/>\n\n\n<!--990-->\n\n\n\n\n\n\n<!--nextpage-->\n\n\n\n<hr class=\"wp-block-separator\"\/>\n\n\n\n<h2><strong>Bau\u00fcberwachung<\/strong><\/h2>\n\n\n\n<p>Eine sorgf\u00e4ltige Bau\u00fcberwachung garantiert, dass die Qualit\u00e4t der Arbeit von einem Fachmann kontrolliert wird und versetzt Sie als Bauherrin und\/ oder Bauherr in die Lage, den Baufortschritt entspannt genie\u00dfen zu k\u00f6nnen.&nbsp;&nbsp;<\/p>\n\n\n\n<hr class=\"wp-block-separator\"\/>\n\n\n<!--1049-->\n\n\n\n\n\n\n<!--nextpage-->\n\n\n\n<hr class=\"wp-block-separator\"\/>\n\n\n\n<h2><strong>Bauzeitenplanung<\/strong><\/h2>\n\n\n\n<p>Regelm\u00e4\u00dfig arbeiten bei der Einrichtung eines Hauses \u00fcber ein Dutzend ausf\u00fchrender Unternehmen zusammen, wobei hunderte Aufgaben erledigt werden. Unsere Bauzeitplanung stellt eine zeitlich und praktisch koordinierte Zusammenarbeit sicher. Selbstverst\u00e4ndlich nehmen wir dabei R\u00fccksicht auf unsere Bauherrschaft, indem deren Familienleben, Arbeitsalltag und Freizeit so wenig wie m\u00f6glich gest\u00f6rt werden.&nbsp;<\/p>\n\n\n\n<hr class=\"wp-block-separator\"\/>\n\n\n<!--909-->\n\n\n\n\n\n\n<!--nextpage-->\n\n\n\n<hr class=\"wp-block-separator\"\/>\n\n\n\n<h2><strong>Projekt- und Bauleitung<\/strong><\/h2>\n\n\n\n<p>Gerne k\u00fcmmern wir uns im Zuge der Projekt- und Bauleitung um s\u00e4mtliche Angelegenheiten rund um den Planungs- und Realisierungsprozess. Dies k\u00f6nnen beispielsweise Vertragsabwicklungen, die Sicherstellung der Kommunikation zwischen den verschiedenen Gewerken oder die Organisation von Transportdienstleistungen sein.<\/p>\n\n\n\n<hr class=\"wp-block-separator\"\/>\n\n\n<!--987-->\n\n\n\n\n\n\n<!--nextpage-->\n\n\n\n<hr class=\"wp-block-separator\"\/>\n\n\n\n<h2><strong>Umzugsmanagement&nbsp;<\/strong><\/h2>\n\n\n\n<p>Auf Wunsch empfehlen wir Ihnen gerne bew\u00e4hrte und verl\u00e4ssliche Unternehmen, die Sie beim Verpacken und beim Transport Ihrer Habseligkeiten unterst\u00fctzen und so Ihren Umzug erheblich erleichtern.<\/p>\n\n\n\n<hr class=\"wp-block-separator\"\/>\n\n\n<!--912-->\n\n\n\n\n\n\n<!--nextpage-->\n\n\n\n<hr class=\"wp-block-separator\"\/>\n\n\n\n<h2><strong>Service nach Einzug<\/strong><\/h2>\n\n\n\n<p>Nach Baufertigstellung freuen wir uns zu sehen, wie neue Innenr\u00e4ume zu privaten R\u00e4umen werden und wie unsere Bauherrschaft sich in diesen R\u00e4umen einlebt. Wir haben festgestellt, dass der Wohnkomfort deutlich steigt, wenn wir Sie in der Zeit nach Ihrem Einzug als Servicepartner begleiten. Im Umgang mit technischen Ger\u00e4ten oder einfach immer, wenn es anspruchsvoll wird &#8211; gerne sind wir Ihr Ansprechpartner.<\/p>\n\n\n\n<hr class=\"wp-block-separator\"\/>\n\n\n<!--996-->\n\n\n\n","protected":false},"excerpt":{"rendered":"<p>Jedem Anfang wohnt ein Zauber inne &#8211; Hermann Hesse Jeder und jede hat seine ganz pers\u00f6nliche Vorstellung eines idealen Zuhauses. Unsere Aufgabe ist daher bei all unseren Projekten, gemeinsam mit unseren Kundinnen und Kunden diese Vorstellungen herauszufinden und einen Raum zu schaffen, der unseren Kundinnen und Kunden ein Zuhause ist. Innenarchitektur bedeutet f\u00fcr uns, sich [&hellip;]<\/p>\n","protected":false},"author":1,"featured_media":1017,"parent":0,"menu_order":0,"comment_status":"closed","ping_status":"closed","template":"","meta":[],"acf":[],"aioseo_notices":[],"_links":{"self":[{"href":"https:\/\/baddesign.pl\/de\/wp-json\/wp\/v2\/pages\/607"}],"collection":[{"href":"https:\/\/baddesign.pl\/de\/wp-json\/wp\/v2\/pages"}],"about":[{"href":"https:\/\/baddesign.pl\/de\/wp-json\/wp\/v2\/types\/page"}],"author":[{"embeddable":true,"href":"https:\/\/baddesign.pl\/de\/wp-json\/wp\/v2\/users\/1"}],"replies":[{"embeddable":true,"href":"https:\/\/baddesign.pl\/de\/wp-json\/wp\/v2\/comments?post=607"}],"version-history":[{"count":23,"href":"https:\/\/baddesign.pl\/de\/wp-json\/wp\/v2\/pages\/607\/revisions"}],"predecessor-version":[{"id":2175,"href":"https:\/\/baddesign.pl\/de\/wp-json\/wp\/v2\/pages\/607\/revisions\/2175"}],"wp:featuredmedia":[{"embeddable":true,"href":"https:\/\/baddesign.pl\/de\/wp-json\/wp\/v2\/media\/1017"}],"wp:attachment":[{"href":"https:\/\/baddesign.pl\/de\/wp-json\/wp\/v2\/media?parent=607"}],"curies":[{"name":"wp","href":"https:\/\/api.w.org\/{rel}","templated":true}]}}